{"id":288,"date":"2020-11-24T13:22:48","date_gmt":"2020-11-24T10:22:48","guid":{"rendered":"http:\/\/www.vizyoner.org\/?page_id=7"},"modified":"2020-11-24T13:22:48","modified_gmt":"2020-11-24T10:22:48","slug":"kvkk-danismanligi","status":"publish","type":"page","link":"https:\/\/kurumsal.vizyonerhost.cloud\/index.php\/kvkk-danismanligi\/","title":{"rendered":"KVKK Dan\u0131\u015fmanl\u0131\u011f\u0131"},"content":{"rendered":"\n\n\n<p>2018 y\u0131l\u0131ndan itibaren T\u00fcrkiye\u2019de faaliyet g\u00f6steren her kurulu\u015fun, verileri korumaya y\u00f6nelik yeni kanuna g\u00f6re sistemlerini ve uygulamalar\u0131n\u0131 haz\u0131r etmesi yoksa ceza \u00f6demesi gerekecek. Denetim kampsam\u0131nda, saklad\u0131\u011f\u0131n\u0131z ve i\u015fleme ald\u0131\u011f\u0131n\u0131z verilerin kesin olarak nas\u0131l kullan\u0131ld\u0131\u011f\u0131n\u0131 bilinmesi ve kurum i\u00e7erisinde do\u011fru veri y\u00f6netimi politikas\u0131 uygulanmas\u0131 gerekmektedir. <strong>2018 y\u0131l\u0131nda KVKK gereksinimleri kar\u015f\u0131lad\u0131\u011f\u0131n\u0131zdan emin olun.<\/strong><\/p>\n\n\n\n<p><strong>KVKK ve GDPR,<\/strong>\u00a02018 y\u0131l\u0131nda Avrupa\u2019da faaliyet g\u00f6steren her organizasyonu etkileyecektir. Uyum stratejinizi olu\u015fturman\u0131n \u015e\u0130MD\u0130 TAM zaman\u0131. \u0130lgilenmeniz gereken en kritik KVKK ve GDPR eylemler i\u00e7in uzmanlar\u0131m\u0131zdan birisi ile g\u00f6r\u00fc\u015f\u00fcn.<\/p>\n\n\n\n<p><strong>KVKK DANI\u015eMANLIK H\u0130ZMETLER\u0130M\u0130Z<\/strong><\/p>\n\n\n\n<ul class=\"wp-block-list\">\n<li>Uyum Program\u0131 \u00e7er\u00e7evesinde Kurum i\u00e7erisindeki T\u00fcm Ki\u015fisel verilerin Yasal mevzuat ve Uluslararas\u0131 Standartlar \u00e7er\u00e7evesinde kontrol edilmesi.<\/li>\n<li>Bu Program ile mevcut veriler ve Veri i\u015fleme sistemi incelenerek mevzuatla ilgili uyumsuzluklar tesbit edilir ve bunlar\u0131n BS 10012 ve ISO 27001 bak\u0131\u015f a\u00e7\u0131s\u0131yla giderilmesi ve Mevzuatla uyumlu hale getirilmesi sa\u011flan\u0131r.<\/li>\n<li>Program\u0131n ana amac\u0131,KVKK uyar\u0131nca s\u00f6z konusu olabilecek hukuki sorumluluklar\u0131n \u00f6nlenmesi,KVK Kurulu veya di\u011fer kurumlar taraf\u0131ndan yap\u0131lacak Resmi denetimlere haz\u0131rl\u0131k sa\u011flanmas\u0131 ve Kurumsal Prestij ve itibar\u0131n korunmas\u0131d\u0131r.<\/li>\n<li>Kurum b\u00fcnyesinde Kurulacak Ki\u015fisel Veri \u0130\u015fleme Sistemi ile Ki\u015fisel Verilerin korunmas\u0131,g\u00fcncellenmesi ve transferine ili\u015fkin h\u00fck\u00fcmler belirlenir ve yetkilendirme sistemati\u011fi ile Kurum i\u00e7erisinde belirlenen sorumluluklar \u00e7er\u00e7evesinde ya\u015fat\u0131l\u0131r.<\/li>\n<li>Ki\u015fisel Veri \u0130\u015fleme Sistemi ile Tutulmu\u015f veya i\u015flenmi\u015f veriler Ki\u015fisel Veri Koruma Politikas\u0131 ile uyumlu hale getirilir.<\/li>\n<li>Bu Kapsamda veri g\u00fcvenli\u011finin sa\u011flanmas\u0131,veri sahiplerinden onay al\u0131nmas\u0131,verilerin ya\u015fland\u0131r\u0131l\u0131p Anonimle\u015ftirilmesi veya imha edilmesi ile yetkilendirilmesi sa\u011flan\u0131r.<\/li>\n<\/ul>\n\n\n\n<ul class=\"wp-block-list\">\n<li>KVKK kapsam\u0131nda sa\u011flad\u0131\u011f\u0131m\u0131z hizmetler<\/li>\n<li>KVKK hukuk de\u011ferlendirilmesi,<\/li>\n<li>ki\u015fisel verilere ili\u015fkin mevzuat (kanun, y\u00f6netmelik ve di\u011fer ilgili mevzuat)<\/li>\n<li>ki\u015fisel veri ve kapsam\u0131<\/li>\n<li>KVKK\u2019n\u0131n kurumlara getirdi\u011fi y\u00fck\u00fcml\u00fcl\u00fckler<\/li>\n<li>genel ilkeler,<\/li>\n<li>i\u015flenme \u015fartlar\u0131,<\/li>\n<li>aktarma \u015fartlar\u0131 ve<\/li>\n<li>KVK teknoloji de\u011ferlendirmesi<\/li>\n<\/ul>\n\n\n\n<p><strong>VER\u0130 KORUMA MEVZUATLARI VE VER\u0130N\u0130N \u00d6NEM\u0130 ARTIYOR<\/strong><\/p>\n\n\n\n<p><strong>6698 KVK KANUNU KAPSAMI<\/strong><\/p>\n\n\n\n<p><strong>\u015eirketiniz, ki\u015fisel verileri tamamen veya k\u0131smen otomatik olan yollarla i\u015fliyor ise veya \u015eirketiniz ki\u015fisel verileri herhangi bir veri kay\u0131t sisteminin par\u00e7as\u0131 olmak kayd\u0131yla otomatik olmayan yollarla i\u015fliyor ise KVKK-Ki\u015fisel Verilerinin Korunmas\u0131 Kanun kapsam\u0131na giriyor olacaks\u0131n\u0131z.<\/strong><\/p>\n\n\n\n<p><strong>VER\u0130 \u0130\u015eLEME<\/strong><\/p>\n\n\n\n<p>Kanunun belirledi\u011fi s\u00fcreler \u00e7er\u00e7evesinde saklanmas\u0131 gereken verilerin;<\/p>\n\n\n\n<ul class=\"wp-block-list\">\n<li>toplanmas\u0131,<\/li>\n<li>kaydedilmesi,<\/li>\n<li>depolanmas\u0131,<\/li>\n<li>korunmas\u0131,<\/li>\n<li>de\u011fi\u015ftirilmesi,<\/li>\n<li>a\u00e7\u0131klanmas\u0131,<\/li>\n<li>aktar\u0131lmas\u0131,<\/li>\n<li>devral\u0131nmas\u0131,<\/li>\n<li>s\u0131n\u0131fland\u0131r\u0131lmas\u0131<\/li>\n<li>kullan\u0131lmas\u0131n\u0131n engellenmesi<\/li>\n<\/ul>\n\n\n\n<p><strong>Kanunun belirledi\u011fi s\u00fcreler bitince hassas verilerinizin;<\/strong><\/p>\n\n\n\n<ul class=\"wp-block-list\">\n<li>nerede oldu\u011funun<\/li>\n<li>tarat\u0131lmas\u0131 bulunmas\u0131<\/li>\n<li>silinmesi<\/li>\n<li>yok edilmesi<\/li>\n<li>anonimle\u015ftirilmesi<\/li>\n<\/ul>\n\n\n\n<p>gibi veriler \u00fczerinde ger\u00e7ekle\u015ftirilen her t\u00fcrl\u00fc i\u015flemde verinin ya\u015fam d\u00f6ng\u00fcs\u00fcne tam entegre olarak yasalara uyum sa\u011flar.<\/p>\n\n\n\n<p><strong>VER\u0130 SORUMLUSU<\/strong><\/p>\n\n\n\n<p>Veri sorumlusu, ki\u015fisel verilerin i\u015fleme ama\u00e7lar\u0131n\u0131 ve vas\u0131talar\u0131n\u0131 belirleyen, veri kay\u0131t sisteminin kurulmas\u0131ndan ve y\u00f6netilmesinden sorumlu olan ger\u00e7ek veya t\u00fczel ki\u015fidir.<\/p>\n\n\n\n<p><strong>VER\u0130 \u0130\u015eLEYEN<\/strong><\/p>\n\n\n\n<p>Veri i\u015fleyen, veri sorumlusu ad\u0131na verileri i\u015fleyen ger\u00e7ek ve t\u00fczel ki\u015filerdir.<\/p>\n\n\n\n<p><strong>VER\u0130N\u0130N \u0130\u015eLENMES\u0130<\/strong><\/p>\n\n\n\n<p>Ki\u015fisel verileri i\u015flemek i\u00e7in\u00a0<strong>ana kural<\/strong>\u00a0ki\u015fiden verilerinin toplanaca\u011f\u0131na\/i\u015flenece\u011fine dair\u00a0<strong>a\u00e7\u0131k r\u0131za<\/strong>\u00a0almakt\u0131r. A\u00e7\u0131k r\u0131za gerektirmeyen durumlar:<\/p>\n\n\n\n<ul class=\"wp-block-list\">\n<li>Kanunda \u00f6n g\u00f6r\u00fclm\u00fc\u015f olma<\/li>\n<li>Fiili imkans\u0131zl\u0131k<\/li>\n<li>S\u00f6zle\u015fmenin kurulmas\u0131 \/ifas\u0131yla ilgili gerekli olma<\/li>\n<li>Veri sorumlusu i\u00e7in zorunlu olma<\/li>\n<li>Veri sahibinin alenile\u015ftirmi\u015f olmas\u0131<\/li>\n<li>Hakk\u0131n tesisi, kullan\u0131lmas\u0131 veya korunmas\u0131 i\u00e7in zorunluluk<\/li>\n<\/ul>\n\n\n\n<p><strong>UYUMLULUK S\u00dcREC\u0130<\/strong><\/p>\n\n\n\n<p>Yay\u0131m tarihinden itibaren 6 ay sonra y\u00fck\u00fcml\u00fcl\u00fckler ba\u015fl\u0131yor\u00a0<strong>(yeni kaydedilen veriler i\u00e7in)<\/strong>\u00a0Hali haz\u0131rda ve s\u00f6z konusu alt\u0131 ayl\u0131k s\u00fcreye kadar (5 Ekim 2016) olanlar ise\u00a0<strong>iki y\u0131l i\u00e7inde<\/strong>\u00a0uyumlu hale gelmek zorunda (Ge\u00e7ici Madde 1: Bu Kanunun yay\u0131m\u0131 tarihinden \u00f6nce i\u015flenmi\u015f olan ki\u015fisel veriler, yay\u0131m\u0131 tarihinden itibaren iki y\u0131l i\u00e7inde bu Kanun h\u00fck\u00fcmlerine uygun hale getirilir.)<\/p>\n\n\n\n<p><strong>KVKK KAPSAMINDA \u0130DAR\u0130 VE CEZA\u0130 YAPTIRIMLAR<\/strong><\/p>\n\n\n\n<p><strong>\u0130DAR\u0130 HAP\u0130S CEZASI<\/strong><\/p>\n\n\n\n<ul class=\"wp-block-list\">\n<li>Ki\u015fisel verileri hukuka ayk\u0131r\u0131 kaydetmek 1-3 y\u0131l<\/li>\n<li>Nitelikli Ki\u015fisel verileri hukuka ayk\u0131r\u0131 kaydetmek 1,5-4,5 y\u0131l<\/li>\n<li>Ki\u015fisel verileri ba\u015fkas\u0131na vermek, yaymak veya ele ge\u00e7irmek 2-4 y\u0131l<\/li>\n<li>Kanunlarca belirlenen s\u00fcre ge\u00e7mi\u015f olmas\u0131na ra\u011fman verileri yok etmeme 1-2 y\u0131l,<\/li>\n<li>Ceza muhakemsi kanununa g\u00f6re silinmesi gerekenler 1,5-3 y\u0131l<\/li>\n<\/ul>\n\n\n\n<p><strong>KVKK Kapsam\u0131nda Sa\u011flad\u0131\u011f\u0131m\u0131z Hizmetler<\/strong><\/p>\n\n\n\n<ul class=\"wp-block-list\">\n<li>KVKK hukuk de\u011ferlendirilmesi,<\/li>\n<li>ki\u015fisel verilere ili\u015fkin mevzuat (kanun, y\u00f6netmelik ve di\u011fer ilgili mevzuat),<\/li>\n<li>ki\u015fisel veri ve kapsam\u0131,<\/li>\n<li>KVKK\u2019n\u0131n kurumlara getirdi\u011fi y\u00fck\u00fcml\u00fcl\u00fckler,<\/li>\n<li>genel ilkeler,<\/li>\n<li>i\u015flenme \u015fartlar\u0131,<\/li>\n<li>aktarma \u015fartlar\u0131 ve<\/li>\n<li>KVKK teknoloji de\u011ferlendirmesi<\/li>\n<\/ul>","protected":false},"excerpt":{"rendered":"<p>2018 y\u0131l\u0131ndan itibaren T\u00fcrkiye\u2019de faaliyet g\u00f6steren her kurulu\u015fun, verileri korumaya y\u00f6nelik yeni kanuna g\u00f6re sistemlerini ve uygulamalar\u0131n\u0131 haz\u0131r etmesi yoksa ceza \u00f6demesi gerekecek. Denetim kampsam\u0131nda, saklad\u0131\u011f\u0131n\u0131z ve i\u015fleme ald\u0131\u011f\u0131n\u0131z verilerin kesin olarak nas\u0131l kullan\u0131ld\u0131\u011f\u0131n\u0131 bilinmesi ve kurum i\u00e7erisinde do\u011fru veri y\u00f6netimi politikas\u0131 uygulanmas\u0131 gerekmektedir. 2018 y\u0131l\u0131nda KVKK gereksinimleri kar\u015f\u0131lad\u0131\u011f\u0131n\u0131zdan emin olun. KVKK ve GDPR,\u00a02018 y\u0131l\u0131nda&hellip;<\/p>\n","protected":false},"author":1,"featured_media":0,"parent":0,"menu_order":0,"comment_status":"closed","ping_status":"closed","template":"","meta":{"footnotes":""},"class_list":["post-288","page","type-page","status-publish","hentry"],"jetpack_sharing_enabled":true,"jetpack_likes_enabled":true,"_links":{"self":[{"href":"https:\/\/kurumsal.vizyonerhost.cloud\/index.php\/wp-json\/wp\/v2\/pages\/288","targetHints":{"allow":["GET"]}}],"collection":[{"href":"https:\/\/kurumsal.vizyonerhost.cloud\/index.php\/wp-json\/wp\/v2\/pages"}],"about":[{"href":"https:\/\/kurumsal.vizyonerhost.cloud\/index.php\/wp-json\/wp\/v2\/types\/page"}],"author":[{"embeddable":true,"href":"https:\/\/kurumsal.vizyonerhost.cloud\/index.php\/wp-json\/wp\/v2\/users\/1"}],"replies":[{"embeddable":true,"href":"https:\/\/kurumsal.vizyonerhost.cloud\/index.php\/wp-json\/wp\/v2\/comments?post=288"}],"version-history":[{"count":0,"href":"https:\/\/kurumsal.vizyonerhost.cloud\/index.php\/wp-json\/wp\/v2\/pages\/288\/revisions"}],"wp:attachment":[{"href":"https:\/\/kurumsal.vizyonerhost.cloud\/index.php\/wp-json\/wp\/v2\/media?parent=288"}],"curies":[{"name":"wp","href":"https:\/\/api.w.org\/{rel}","templated":true}]}}