{"id":290,"date":"2020-11-24T13:24:08","date_gmt":"2020-11-24T10:24:08","guid":{"rendered":"http:\/\/www.vizyoner.org\/?page_id=11"},"modified":"2020-11-24T13:24:08","modified_gmt":"2020-11-24T10:24:08","slug":"hakkimizda","status":"publish","type":"page","link":"https:\/\/kurumsal.vizyonerhost.cloud\/index.php\/hakkimizda\/","title":{"rendered":"Hakk\u0131m\u0131zda"},"content":{"rendered":"\n<p><strong>Vizyoner Bili\u015fim<\/strong>; y\u00f6netim dan\u0131\u015fmanl\u0131\u011f\u0131, IT dan\u0131\u015fmanl\u0131\u011f\u0131, yaz\u0131l\u0131m geli\u015ftirme, e\u011fitim (bili\u015fim, siber g\u00fcvenlik, kamuya \u00f6zel e\u011fitimler, proje y\u00f6netim e\u011fitimi, vb.) ve d\u0131\u015f kaynak sa\u011flama hizmetlerine odaklanm\u0131\u015f bir bili\u015fim firmas\u0131d\u0131r.<\/p>\n\n\n\n<p>Yaz\u0131l\u0131m ve dan\u0131\u015fmanl\u0131k odakl\u0131 \u00e7al\u0131\u015fmalar\u0131m\u0131z\u0131n bir \u00e7o\u011fu SAP ekosisteminde y\u00fcr\u00fct\u00fclmekle birlikte AS400, Oracle, Java, PHP, .Net, Android ve iOS platformlar\u0131nda da tecr\u00fcbeli ve sonuca odakl\u0131 kadromuzla m\u00fc\u015fterilerimizin hizmetindeyiz.<\/p>\n\n\n\n<p>Yaz\u0131l\u0131m, dan\u0131\u015fmanl\u0131k ve outsource odakl\u0131 \u00e7al\u0131\u015fmalar\u0131m\u0131z i\u00e7in gerekli insan kayna\u011f\u0131n\u0131 b\u00fcnyesinde bar\u0131nd\u0131ran firmam\u0131z SAP, AS400, Oracle, Java, C#, .Net, PHP, Android, Ios, vb. platformlarda tecr\u00fcbeli ve sonuca odakl\u0131 kadromuzla m\u00fc\u015fterilerimizin hizmetindedir.<\/p>\n\n\n\n<p>Yaz\u0131l\u0131m teknolojileri alan\u0131ndaki bilgi ve birikimlerimizi b\u00fcy\u00fck ve orta \u00f6l\u00e7ekli kurulu\u015flarda muhtelif projeler ile art\u0131rd\u0131k. Bununla birlikte SAP ve di\u011fer yaz\u0131l\u0131m teknolojileri ve \u00e7\u00f6z\u00fcm yakla\u015f\u0131mlar\u0131n\u0131 da geli\u015ftirerek kurumsal haf\u0131zam\u0131z\u0131, ba\u015far\u0131l\u0131 proje referanslar\u0131m\u0131z\u0131 ve kabiliyetlerimizi de geli\u015ftirmi\u015f olduk. B\u00f6ylece global \u00e7\u00f6z\u00fcm yakla\u015f\u0131mlar\u0131n\u0131 tecr\u00fcbe etme ve farkl\u0131 teknolojileri s\u00fcrekli olarak \u00f6\u011frenerek ba\u015far\u0131l\u0131 yaz\u0131l\u0131m ve teknoloji projelerinde kurumsal kabiliyetlerimizi de geli\u015ftirmi\u015f olduk.<\/p>\n\n\n\n<p>Firmam\u0131z ihtiya\u00e7 halinde kamu ve finans sekt\u00f6r\u00fcn\u00fcn kritik say\u0131lacak hassas verilerinin korunmas\u0131 maksad\u0131yla teknolojik altyap\u0131lar\u0131 i\u00e7in siber g\u00fcvenlik hizmetleri ve ihtiyaca binaen \u00f6zel teknoloji \u00e7\u00f6z\u00fcmleri sunar. Yeti\u015fmi\u015f ve bu alanda kendini ispat etmi\u015f kadromuzla m\u00fc\u015fterilerimize a\u011f ve ileti\u015fim sistemleri,sald\u0131r\u0131 sim\u00fclasyonlar\u0131 ve bunun sonucunda olu\u015facak olan zaafiyet tespitleri, zararl\u0131 yaz\u0131l\u0131m, vir\u00fcs, vb. tespit analiz ve \u00e7\u00f6z\u00fcmleri, veri merkezi \u00e7\u00f6z\u00fcmleri, siber tehdit istihbarat\u0131 ve stratejik siber g\u00fcvenlik dan\u0131\u015fmanl\u0131k hizmetleri sunmaktad\u0131r.<\/p>","protected":false},"excerpt":{"rendered":"<p>Vizyoner Bili\u015fim; y\u00f6netim dan\u0131\u015fmanl\u0131\u011f\u0131, IT dan\u0131\u015fmanl\u0131\u011f\u0131, yaz\u0131l\u0131m geli\u015ftirme, e\u011fitim (bili\u015fim, siber g\u00fcvenlik, kamuya \u00f6zel e\u011fitimler, proje y\u00f6netim e\u011fitimi, vb.) ve d\u0131\u015f kaynak sa\u011flama hizmetlerine odaklanm\u0131\u015f bir bili\u015fim firmas\u0131d\u0131r. Yaz\u0131l\u0131m ve dan\u0131\u015fmanl\u0131k odakl\u0131 \u00e7al\u0131\u015fmalar\u0131m\u0131z\u0131n bir \u00e7o\u011fu SAP ekosisteminde y\u00fcr\u00fct\u00fclmekle birlikte AS400, Oracle, Java, PHP, .Net, Android ve iOS platformlar\u0131nda da tecr\u00fcbeli ve sonuca odakl\u0131 kadromuzla m\u00fc\u015fterilerimizin&hellip;<\/p>\n","protected":false},"author":1,"featured_media":0,"parent":0,"menu_order":0,"comment_status":"closed","ping_status":"closed","template":"","meta":{"footnotes":""},"class_list":["post-290","page","type-page","status-publish","hentry"],"jetpack_sharing_enabled":true,"jetpack_likes_enabled":true,"_links":{"self":[{"href":"https:\/\/kurumsal.vizyonerhost.cloud\/index.php\/wp-json\/wp\/v2\/pages\/290","targetHints":{"allow":["GET"]}}],"collection":[{"href":"https:\/\/kurumsal.vizyonerhost.cloud\/index.php\/wp-json\/wp\/v2\/pages"}],"about":[{"href":"https:\/\/kurumsal.vizyonerhost.cloud\/index.php\/wp-json\/wp\/v2\/types\/page"}],"author":[{"embeddable":true,"href":"https:\/\/kurumsal.vizyonerhost.cloud\/index.php\/wp-json\/wp\/v2\/users\/1"}],"replies":[{"embeddable":true,"href":"https:\/\/kurumsal.vizyonerhost.cloud\/index.php\/wp-json\/wp\/v2\/comments?post=290"}],"version-history":[{"count":0,"href":"https:\/\/kurumsal.vizyonerhost.cloud\/index.php\/wp-json\/wp\/v2\/pages\/290\/revisions"}],"wp:attachment":[{"href":"https:\/\/kurumsal.vizyonerhost.cloud\/index.php\/wp-json\/wp\/v2\/media?parent=290"}],"curies":[{"name":"wp","href":"https:\/\/api.w.org\/{rel}","templated":true}]}}