{"id":291,"date":"2020-11-24T13:24:58","date_gmt":"2020-11-24T10:24:58","guid":{"rendered":"http:\/\/www.vizyoner.org\/?page_id=13"},"modified":"2020-11-24T13:24:58","modified_gmt":"2020-11-24T10:24:58","slug":"yazilim-hizmetleri","status":"publish","type":"page","link":"https:\/\/kurumsal.vizyonerhost.cloud\/index.php\/yazilim-hizmetleri\/","title":{"rendered":"Yaz\u0131l\u0131m Hizmetleri"},"content":{"rendered":"\n<h2><strong>Yaz\u0131l\u0131m Hizmetleri<\/strong><\/h2>\n<p>&nbsp;<\/p>\n<p>IBM, AS\/400\u2019\u00fc ba\u015flang\u0131\u00e7ta \u201corta boy \u00e7ok kullan\u0131c\u0131l\u0131 bir is bilgisayar sistemi\u201d olarak adland\u0131rm\u0131\u015ft\u0131r. IBM Rochester- Minnesota laboratuvar\u0131nda, \u201cSilvertake\u201d kod ad\u0131 ile geli\u015ftirilen ve sistemin ba\u015f mimari Dr.Frank Soltis taraf\u0131ndan y\u00f6netilen bir grup taraf\u0131ndan \u00e7ok titiz ve yo\u011fun bir \u00e7al\u0131\u015fman\u0131n \u00fcr\u00fcn\u00fc olarak ortaya \u00e7\u0131kan AS\/400 piyasaya ilk s\u00fcr\u00fcld\u00fc\u011f\u00fc 1988 y\u0131l\u0131ndan itibaren t\u00fcm end\u00fcstri sekt\u00f6rlerinin bir is bilgisayar\u0131 olarak ilgisini \u00e7ekmi\u015f ve bu ilgi katlanarak devam etmi\u015ftir. Biz de bu alanda Vizyoner olarak 25 y\u0131l\u0131 a\u015fk\u0131n tecr\u00fcbemizle T\u00fcrkiye\u2019nin \u00f6nemli kurum ve kurulu\u015flar\u0131n bir \u00e7ok projesinde imzam\u0131z\u0131 atm\u0131\u015f bulunmaktay\u0131z.<\/p>\n<p><strong>* DB2, MSsql, Oracle tabanl\u0131 yaz\u0131l\u0131m,<\/strong><\/p>\n<p><strong>* RPG teknolojileriyle yaz\u0131l\u0131m,<\/strong><\/p>\n<p><strong>* Java teknolojileriyle yaz\u0131l\u0131m,<\/strong><\/p>\n<p><strong>* Cobol teknolojileriyle yaz\u0131l\u0131m,<\/strong><\/p>\n<p><strong>* .NET teknolojileriyle yaz\u0131l\u0131m,<\/strong><\/p>\n<p><strong>* ASNA teknolojileriyle yaz\u0131l\u0131m,<\/strong><\/p>\n<p><strong>* AS400 d\u0131\u015f\u0131 sistemlere \/ sistemlerden entegrasyon hizmetleri,<\/strong><\/p>\n<p><strong>* JDE World yaz\u0131l\u0131m hizmetleri,<\/strong><\/p>\n<p><strong>* Delphi ile yaz\u0131l\u0131m,<\/strong><\/p>\n<p><strong>* PHP ile yaz\u0131l\u0131m,<\/strong><\/p>\n<p><strong>* Mevcut yaz\u0131l\u0131mlar\u0131n\u0131z i\u00e7in dan\u0131\u015fmanl\u0131k,<\/strong><\/p>\n<p><strong>* \u00d6zel (iste\u011fe ba\u011fl\u0131) yaz\u0131l\u0131m,<\/strong><\/p>\n<p><strong>* AS400 \u0130leti\u015fim hizmetleri (uzak ba\u011flant\u0131, internet, mail, web) ve di\u011fer teknik hizmetler.<\/strong><\/p>\n<p><strong>JAVA<\/strong><\/p>\n<p>Java nesne temelli, a\u00e7\u0131k kaynak kodlu bir programlama dilidir. A\u00e7\u0131k kaynak kodlu olmas\u0131 nedeniyle zengin a\u00e7\u0131k kaynak kodlu k\u00fct\u00fcphaneleri kullan\u0131m olana\u011f\u0131 sa\u011flar. Java altyap\u0131s\u0131 kullan\u0131larak web tabanl\u0131, zengin i\u00e7erikli ve a\u00e7\u0131k kaynak kodlu frameworklerle (Primefaces, Richfaces, ICEFaces) h\u0131zl\u0131 ve \u00e7ok fonksiyonlu uygulamalar geli\u015ftirilebilir. Entegrasyon altyap\u0131s\u0131 SOA mimarisine uygun olan java geli\u015ftirme ortam\u0131 Web servis teknolojisi i\u00e7in haz\u0131r yap\u0131lar\u0131 kullan\u0131ma sunar. Ayr\u0131ca son d\u00f6nemin populer konular\u0131ndan RESTful ve Big Data altyap\u0131s\u0131n\u0131 haz\u0131r k\u00fct\u00fcphanelerle ger\u00e7ekle\u015ftirmeyi sa\u011flar. Vizyoner Bili\u015fim olarak Microsoft, Linux platformlar\u0131nda sigorta, telekom, otomotiv, enerji, g\u0131da, ta\u015f\u0131mac\u0131l\u0131k gibi farkl\u0131 sekt\u00f6rlere ve s\u00fcre\u00e7lere y\u00f6nelik ba\u015far\u0131l\u0131 proje referanslar\u0131na sahiptir.<\/p>\n<p><strong>JPA<\/strong><\/p>\n<p>Yaz\u0131l\u0131m nesnelerinin veri taban\u0131 nesneleri ile birle\u015ftirilmesini sa\u011flayan Hibernate ve JPA frameworkleri database seviyesindeki programlamay\u0131 kolayla\u015ft\u0131r\u0131r ve h\u0131zland\u0131r\u0131r. Javan\u0131n standart\u0131nda bulunan JPA, ORM (Object relational mapping) denince ilk akla gelen Hibernate implementasyonunun kabiliyetleri ile geni\u015f bir kullan\u0131m alan\u0131 sa\u011flar.<\/p>\n<p>Kabiliyetlerimiz alt\u0131ndaki bu ba\u015fl\u0131k i\u00e7in yaz\u0131l\u0131m geli\u015ftirme ve dan\u0131\u015fmanl\u0131k hizmetleri verebiliriz.<\/p>\n<p><strong>Mobil<\/strong><\/p>\n<p>Geli\u015fen Web teknolojileri sayesinde geli\u015ftirilen Web uygulamalar\u0131 art\u0131k mobil cihazlara uyumlu hale gelmi\u015f ve bu kullan\u0131m \u015fekli h\u0131zla yay\u0131lmaktad\u0131r. Bununla birlikte hem kurumsal PR imkanlar\u0131 sebebiyle Uygulama Marketlerinde bulunmak hemde cihaz temelli kolay kullan\u0131m ihtiya\u00e7lar\u0131na cevap verebilmek ad\u0131na IOS, Android ve MS Mobile platformlar\u0131na uygulamalar haz\u0131rlay\u0131p sunabilmekteyiz.<\/p>\n<p>Ekibimiz bu teknoloji platformunda; \u201cMobil sadakat uygulamalar\u0131\u201d, \u201cAdverGame\u201d, \u201cMobil \u0130\u015fAk\u0131\u015f Onay\u201d ve farkl\u0131 ihtiyaca \u00f6zel platform \u00e7\u00f6z\u00fcmleri ile bir\u00e7ok proje tamamlam\u0131\u015f ve y\u00fcr\u00fctmektedir.<\/p>\n<p><strong>HTML5, SAPUI5, Fiori<\/strong><\/p>\n<p>Html yap\u0131s\u0131n\u0131n daha esnek ve daha geli\u015fmi\u015f versiyonu olan Html5 standart\u0131 web uygulamalar\u0131n\u0131 daha i\u015flevsel hale getirir. G\u00fcn\u00fcm\u00fczde global firmalar (Facebook da dahil) bir\u00e7ok mobil uygulama s\u00fcrd\u00fcr\u00fclebilirlik kabiliyetleri a\u00e7\u0131s\u0131ndan mobil uygulamalar\u0131nda bu teknolojiyi tercih etmektedir. Ekibimiz bu teknolojiyle T\u00fcrkiye&#8217;de ba\u015far\u0131l\u0131 projeler tamamlam\u0131\u015f durumdad\u0131r.<\/p>\n<p>Ayr\u0131ca SAP Teknolojileri \u00f6zelinde; Fiori, SAPUI5 k\u00fct\u00fcphanesi kullan\u0131larak haz\u0131rlanan, ak\u0131ll\u0131 telefonlar ve tablet bilgisayarlara (cihaz ba\u011f\u0131ms\u0131z) uyumlu, son d\u00f6nemde s\u0131k\u00e7a dile getirilen \u201cResponsive\u201d ekran tasar\u0131m\u0131na uygun haz\u0131rlanm\u0131\u015f uygulamalar\u0131n toplu olarak kullan\u0131c\u0131ya sunuldu\u011fu ortamd\u0131r. Fiori ve SAPUI5 SAP\u2019nin aray\u00fcz teknolojisinde \u00e7a\u011f\u0131n gereklerine uymak a\u00e7\u0131s\u0131ndan y\u00f6neldi\u011fi teknolojilerdir. SAP kullanan kurum ve kurulu\u015flar i\u00e7inde bu konuda \u00e7\u00f6z\u00fcm deste\u011fi sunabilir kabiliyetteyiz.<\/p>\n<p><strong>BMP &amp;BMR<\/strong><\/p>\n<p>\u0130\u015f s\u00fcre\u00e7lerinin modellenmesi, geli\u015ftirilmesi, izlenmesi ve y\u00fcr\u00fct\u00fclmesini sa\u011flayan kavram BPM (Business Process Management) olarak adland\u0131r\u0131l\u0131r. Teknoloji destekli BPM \u00e7\u00f6z\u00fcmleri; Modelleme tabanl\u0131 entegre geli\u015ftirme ortam\u0131 sunarak geli\u015ftiricileri ve kullan\u0131c\u0131lar\u0131 ayn\u0131 noktada bulu\u015fturur. BRM i\u015f kurallar\u0131n\u0131n merkezile\u015ftirilmeside kullan\u0131lan yap\u0131d\u0131r. BRM ile kurallardaki tutars\u0131zl\u0131klar\u0131n ortaya \u00e7\u0131kmas\u0131 engellenir, takip ve bak\u0131m kolayla\u015f\u0131r.<\/p>\n<p>OpenSource BPM \u00fcr\u00fcnleri ve SAP NetWeaver BPM \u00fcr\u00fcnleri konusunda proje referanslar\u0131m\u0131z ve yetkin dan\u0131\u015fmanl\u0131k ekibimizle ba\u015far\u0131l\u0131 projeler \u00fcretmede iddial\u0131 oldu\u011fumuzu payla\u015fmak isteriz.<\/p>\n<p><strong>Adobe Interactive<\/strong><\/p>\n<p>Interactive Forms by Adobe, SAP ve Adobe Forms altyap\u0131s\u0131n\u0131n entegre olarak kullan\u0131larak son kullan\u0131c\u0131y\u0131 i\u015f s\u00fcre\u00e7lerine daha fazla dahil etmeyi ama\u00e7lar. Interactive Forms \u00fcr\u00fcn\u00fcn\u00fcn \u201cInteractive\u201d ad\u0131n\u0131 ald\u0131\u011f\u0131 as\u0131l nokta kullan\u0131c\u0131lara \u00e7evirimi\u00e7i \/ \u00e7evirimd\u0131\u015f\u0131 olarak i\u015f s\u00fcre\u00e7lerine dahil olma imkan\u0131n\u0131 verebilmesinden gelir. Haz\u0131rlanan bir form i\u00e7erisindeki veri form \u00fczerindeki button ile sisteme iletilebilir.<\/p>\n<p>SAP&#8217;nin SAPScript ve SmartForms&#8217;tan sonra \u00e7\u0131kt\u0131 dizayn\u0131 i\u00e7in de kullan\u0131labilecek son \u00fcr\u00fcn\u00fc SAP Interactive Forms\u2019dur. SAP Interactive Forms geli\u015ftirme taraf\u0131 i\u00e7in Java ve ABAP proglamlama altyap\u0131lar\u0131 tercihe g\u00f6re kullan\u0131labilir.<\/p>\n<p><strong>Java &amp; SAP Portal<\/strong><\/p>\n<p>SAP Portal t\u00fcm kullan\u0131c\u0131lar\u0131n tek bir noktadan sistemlere eri\u015fimi i\u00e7in web tabanl\u0131 bir \u00e7\u00f6z\u00fcm sa\u011flar. SOA mimarisine uyumlu yap\u0131s\u0131yla di\u011fer sistemlere entegre olmas\u0131 kolayd\u0131r. Ki\u015fiselle\u015ftirilebilir, g\u00fcvenli ve zengin i\u00e7eri\u011fe sahip bir portal; son kullan\u0131c\u0131n\u0131n daha kat\u0131l\u0131mc\u0131, daha payla\u015f\u0131mc\u0131 ve daha etkin olmalar\u0131n\u0131 sa\u011flar.<\/p>\n<p>Tecr\u00fcbe etti\u011fimiz ve m\u00fc\u015fterilerimizde uygulad\u0131\u011f\u0131m\u0131z portal kullan\u0131m \u00e7e\u015fitleri;<\/p>\n<p>* Collaboration Portal<\/p>\n<p>* Partner Portal<\/p>\n<p>* Project Information Portal<\/p>\n<p>* Banking Portal<\/p>\n<p>* Supplier Portal<\/p>\n<p>* Consumer Portal<\/p>\n<p>* Trading Portal<\/p>\n<p>* Department Portal<\/p>\n<p>* Application Portal<\/p>\n<p>* Corporate Intranet Portal<\/p>\n<p>* Team Portal<\/p>\n<p>* Community Portal<\/p>\n<p>* Corporate External Portal<\/p>\n<p>* External-Facing Portal<\/p>\n<p>* E-Commerce Portal<\/p>\n<p>* Self-Service Portal<\/p>\n<p>* Process Portal<\/p>\n<p><strong>SAP KM<\/strong><\/p>\n<p>Sap Portal ile b\u00fct\u00fcnle\u015fik bir d\u00f6k\u00fcman y\u00f6netim sistemidir.<\/p>\n<p>KM in genel \u00f6zellikleri;<\/p>\n<p>* Arama motoru (TREX)<\/p>\n<p>* S\u0131n\u0131fland\u0131rma (Classification)<\/p>\n<p>* Kullan\u0131c\u0131lar ve sa\u011flad\u0131\u011f\u0131 esnek d\u00f6k\u00fcman arama ve g\u00f6r\u00fcnt\u00fcleme aray\u00fczleri<\/p>\n<p>* D\u00f6k\u00fcman versiyonlama<\/p>\n<p>* \u201cPortal Drive\u201d kullanarak Web-DAV \u00f6zelli\u011fi<\/p>\n<p>* Rol ve Grup alt yap\u0131s\u0131na uygun dosya ve klas\u00f6r yetkilendirmesi<\/p>\n<p>T\u00fcrkiye&#8217;de 40 dan fazla kurumsal portal uygulamas\u0131 tamamlam\u0131\u015f ekibimizin bilgi birikimleri ile h\u0131zl\u0131 ve katmade\u011ferli \u00e7\u00f6z\u00fcmleri hayata ge\u00e7irebiliriz.<\/p>\n<p><strong>SAP Teknolojileri: Webdynpro (Java &amp; ABAP)<\/strong><\/p>\n<p>Webdynpro web tabanl\u0131 aray\u00fcz geli\u015ftirme teknolojisidir. ABAP yada Java programlama dilleri ile geli\u015ftirme yap\u0131labilir. Webdynpro teknolojisi ile hi\u00e7 kod yazmadan yada az kod yaz\u0131larak \u00e7ok h\u0131zl\u0131 bir \u015fekilde aray\u00fcz geli\u015ftirmesi yap\u0131labilir. Zengin aray\u00fcz bile\u015fenleri ile istenilen fonksiyonalite b\u00fcy\u00fck \u00f6l\u00e7\u00fcde sa\u011flanabilecektir. Tecr\u00fcbe etti\u011fimiz portal projelerinde genellikle \u201cBusiness\u201d kullan\u0131c\u0131lara hitab eden aray\u00fczlerde Webdynpro teknolojisini tercih ediyoruz.<\/p>\n<p><strong>SAP Teknolojileri: ABAP<\/strong><\/p>\n<p>Sekt\u00f6r lideri SAP ERP ve CRM platformlar\u0131nda kurgulanan s\u00fcre\u00e7ler i\u00e7erisinde gerekli geli\u015ftirme, iyile\u015ftirme ve entegrasyon \u00e7al\u0131\u015fmalar\u0131 i\u00e7in kullan\u0131lan programlama dilidir. Hem s\u00fcre\u00e7 uyarlamalar\u0131nda geli\u015ftirme deste\u011fi sa\u011flamak, hem de kapsaml\u0131 proje planlar\u0131nda ERP s\u00fcre\u00e7lerine a\u015fina olarak projeler geli\u015ftirme kabiliyetimiz bulunmaktad\u0131r.<\/p>\n<p><strong>SAP Teknolojileri: SAP Workflow<\/strong><\/p>\n<p>SAP ERP temelli kurumsal s\u00fcre\u00e7lerde; Sadece ERP \u00fczerinde y\u00fcr\u00fct\u00fclen Kurum i\u00e7i s\u00fcre\u00e7lerin i\u015f ak\u0131\u015f\u0131 takibi ve onay ad\u0131mlar\u0131n\u0131n kurgulanmas\u0131 ihtiya\u00e7lar\u0131na \u00e7\u00f6z\u00fcm olarak kullan\u0131lan teknolojidir. S\u00fcre\u00e7lerin birbiri ard\u0131na y\u00fcr\u00fct\u00fclebilmesi i\u00e7in \u201cSAP WorkFlow Engine\u201d teknolojisine kapsaml\u0131 hakim olmak gerekmektedir. Bu birikim ayn\u0131 zamanda di\u011fer geli\u015ftirme ihtiya\u00e7lar\u0131na da kurumsal ve s\u00fcrd\u00fcr\u00fclebilir g\u00f6zle yakla\u015f\u0131m kabiliyetini geli\u015ftirmekte ve katmade\u011ferli \u00e7\u00f6z\u00fcmleri kurumlara kazand\u0131rma imkan\u0131 sa\u011flamaktad\u0131r. Tecr\u00fcbeli dan\u0131\u015fmanlar\u0131m\u0131z bu alanda \u00e7\u00f6z\u00fcmler sunmaktad\u0131r.<\/p>\n<p><strong>SAP Teknolojileri: Visual Composer<\/strong><\/p>\n<p>SAP\u2019nin ADOBE firmas\u0131yla ortak geli\u015ftirdi\u011fi Web ve Flash tabanl\u0131 aray\u00fcz geli\u015ftirme ve sunumu teknolojisidir. Hi\u00e7 kod yaz\u0131lmadan modelleme y\u00f6ntem (MVC) ile geli\u015ftirme yap\u0131l\u0131r. Daha \u00e7ok Yal\u0131n veri giri\u015f ekranlar\u0131, Veri Listeleme, Sorgulama ve raporlama ama\u00e7l\u0131 kullan\u0131lmaktad\u0131r. \u00c7e\u015fitli veri kaynaklar\u0131ndan gelen veriler birle\u015ftirilerek veri listeleme ve grafik g\u00f6sterimi ile son kullan\u0131c\u0131ya sunulur.<\/p>\n<p><strong>SAP Mod\u00fcl Dan\u0131\u015fmanl\u0131\u011f\u0131<\/strong><\/p>\n<p>SAP sekt\u00f6r\u00fcnde uzun y\u0131llard\u0131r projelerde bulunmu\u015f etkin ve sekt\u00f6rel olarak zengin tecr\u00fcbeye sahip kadromuzla sizlere gerek proje gerekse outsource i\u015f modeliyle hizmet sunabiliriz.<\/p>\n<p>&nbsp;<\/p>","protected":false},"excerpt":{"rendered":"<p>Yaz\u0131l\u0131m Hizmetleri &nbsp; IBM, AS\/400\u2019\u00fc ba\u015flang\u0131\u00e7ta \u201corta boy \u00e7ok kullan\u0131c\u0131l\u0131 bir is bilgisayar sistemi\u201d olarak adland\u0131rm\u0131\u015ft\u0131r. IBM Rochester- Minnesota laboratuvar\u0131nda, \u201cSilvertake\u201d kod ad\u0131 ile geli\u015ftirilen ve sistemin ba\u015f mimari Dr.Frank Soltis taraf\u0131ndan y\u00f6netilen bir grup taraf\u0131ndan \u00e7ok titiz ve yo\u011fun bir \u00e7al\u0131\u015fman\u0131n \u00fcr\u00fcn\u00fc olarak ortaya \u00e7\u0131kan AS\/400 piyasaya ilk s\u00fcr\u00fcld\u00fc\u011f\u00fc 1988 y\u0131l\u0131ndan itibaren t\u00fcm end\u00fcstri&hellip;<\/p>\n","protected":false},"author":1,"featured_media":0,"parent":0,"menu_order":0,"comment_status":"closed","ping_status":"closed","template":"templates\/only-content.php","meta":{"footnotes":""},"class_list":["post-291","page","type-page","status-publish","hentry"],"jetpack_sharing_enabled":true,"jetpack_likes_enabled":true,"_links":{"self":[{"href":"https:\/\/kurumsal.vizyonerhost.cloud\/index.php\/wp-json\/wp\/v2\/pages\/291","targetHints":{"allow":["GET"]}}],"collection":[{"href":"https:\/\/kurumsal.vizyonerhost.cloud\/index.php\/wp-json\/wp\/v2\/pages"}],"about":[{"href":"https:\/\/kurumsal.vizyonerhost.cloud\/index.php\/wp-json\/wp\/v2\/types\/page"}],"author":[{"embeddable":true,"href":"https:\/\/kurumsal.vizyonerhost.cloud\/index.php\/wp-json\/wp\/v2\/users\/1"}],"replies":[{"embeddable":true,"href":"https:\/\/kurumsal.vizyonerhost.cloud\/index.php\/wp-json\/wp\/v2\/comments?post=291"}],"version-history":[{"count":0,"href":"https:\/\/kurumsal.vizyonerhost.cloud\/index.php\/wp-json\/wp\/v2\/pages\/291\/revisions"}],"wp:attachment":[{"href":"https:\/\/kurumsal.vizyonerhost.cloud\/index.php\/wp-json\/wp\/v2\/media?parent=291"}],"curies":[{"name":"wp","href":"https:\/\/api.w.org\/{rel}","templated":true}]}}