{"id":292,"date":"2020-11-24T13:25:54","date_gmt":"2020-11-24T10:25:54","guid":{"rendered":"http:\/\/www.vizyoner.org\/?page_id=17"},"modified":"2020-11-24T13:25:54","modified_gmt":"2020-11-24T10:25:54","slug":"proje-ve-portfoy-yonetimi","status":"publish","type":"page","link":"https:\/\/kurumsal.vizyonerhost.cloud\/index.php\/proje-ve-portfoy-yonetimi\/","title":{"rendered":"Proje ve Portf\u00f6y Y\u00f6netimi"},"content":{"rendered":"\n\n\n<p><strong>Ne t\u00fcr hizmetler sunuyoruz?<\/strong><\/p>\n\n\n\n<ul class=\"wp-block-list\">\n<li>Projelerden beklenen faydalar\u0131n ve KPI&#8217;larin do\u011fru belirlenmesi<\/li>\n<li>Talep Y\u00f6netimi s\u00fcre\u00e7lerinin, g\u00f6rev ve sorumluluklar\u0131n\u0131n belirlenmesi<\/li>\n<li>PMI Program y\u00f6netimi metodolojisi ve ara\u00e7lar\u0131n\u0131 kullan\u0131larak proje portf\u00f6y\u00fcn\u00fcn \u00f6nceliklendirilmesi ve uygulama yol haritas\u0131na tan\u0131mlanmas\u0131na destek olunmas\u0131<\/li>\n<li>Projelerin kalite, b\u00fct\u00e7e, kapsam ve s\u00fcre hedeflerinin takip edilmesi ve al\u0131nmas\u0131 gereken aksiyonlar\u0131n belirlenmesine destek olunmas\u0131<\/li>\n<li>Program\u0131 bekleyen risklerin erken tespit edilmesi<\/li>\n<li>\u00dcst Y\u00f6netim ve ilgili proje payda\u015flar\u0131na raporlamalar\u0131n yap\u0131lmas\u0131<\/li>\n<li>Kurum i\u00e7inde program y\u00f6netimi kavram\u0131 hakk\u0131nda e\u011fitimlerin verilmesi<\/li>\n<li>PYO kurulumu ve s\u00fcre\u00e7lerinin olu\u015fturulmas\u0131<\/li>\n<li>Proje &amp; Portf\u00f6y Y\u00f6netim arac\u0131 kurulumu ve s\u00fcre\u00e7lerinin olu\u015fturulmas\u0131<\/li>\n<li>PYO, PPM, PY olgunluk seviye tespiti<\/li>\n<li>PYO, PPM. PY denetim<\/li>\n<li>Proje Y\u00f6netimi Dan\u0131\u015fmanl\u0131\u011f\u0131<\/li>\n<li>Program Y\u00f6netimi Dan\u0131\u015fmanl\u0131\u011f\u0131<\/li>\n<li>Proje\/Program Risk &amp; Kontrol ve G\u00fcvence Hizmetleri<\/li>\n<li>Proje\/Program Y\u00f6neti\u015fim ve Planlama Hizmetleri<\/li>\n<li>Proje\/Program Y\u00f6netim Metodolojisinin geli\u015ftirilmesi, s\u00fcre\u00e7lerinin tasarlanmas\u0131 ve iyile\u015ftirilmesi<\/li>\n<li>\u015eirketlerde Proje Y\u00f6netimi olgunluk seviyesinin belirlenmesi<\/li>\n<li>Proje Y\u00f6neticilerine Ko\u00e7luk ve Ment\u00f6rl\u00fck<\/li>\n<li>E\u011fitim<\/li>\n<\/ul>\n\n\n\n<p><strong>Ne zaman PYO Kurulumu Dan\u0131\u015fmanl\u0131\u011f\u0131na ihtiya\u00e7 duyulur?<\/strong><\/p>\n\n\n\n<ul class=\"wp-block-list\">\n<li>\u015eirketlerde e\u011fer \u00fcst y\u00f6netim projelerin ilerleme durumunun (Progress Report) ne durumda oldu\u011funu merkezi bir yerden sorgulamak isterse,<\/li>\n<li>Projelerin \u00f6nem s\u0131ras\u0131 kar\u0131\u015fm\u0131\u015f ve bu da \u00f6nemli sorunlar yaratm\u0131\u015fsa,<\/li>\n<li>\u015eirket b\u00fcnyesinde Proje Y\u00f6netim mant\u0131\u011f\u0131n\u0131n olu\u015fturulmas\u0131 isteniyorsa,<\/li>\n<li>Projeler birbirine ba\u011f\u0131ml\u0131 ve etkile\u015fimli olarak y\u00f6netilmesi gerekliyse,<\/li>\n<li>Proje Y\u00f6netim fark\u0131ndal\u0131\u011f\u0131 yoksa ve proje dok\u00fcmanlar\u0131 merkezile\u015ftirilmemi\u015fse,<\/li>\n<li>\u015eirket i\u00e7in bir Kurumsal Haf\u0131za mant\u0131\u011f\u0131 olu\u015fturulmas\u0131 isteniyorsa,<\/li>\n<li>Projelerde ekip \u00fcyelerinin harcad\u0131\u011f\u0131 performans\u0131n \u00f6l\u00e7\u00fcmlenmesi gerekiyorsa,<\/li>\n<li>Proje hedefleri ve ama\u00e7lar\u0131na uygun \u015fekilde ilerlemiyorsa,<\/li>\n<li>\u015eirketin stratejik hedeflerine uygun projelerin \u00fcretilmesi ve y\u00f6netilmesi isteniyorsa,<\/li>\n<li>Proje Y\u00f6neticileri ile Operasyonel Y\u00f6neticiler aras\u0131nda Kaynaklar\u0131n payla\u015f\u0131m\u0131 konusunda sorunlar ya\u015fan\u0131yorsa.<\/li>\n<\/ul>\n\n\n\n<p><strong>PYO a\u015fa\u011f\u0131daki alanlarda firmalara katk\u0131 sa\u011flar?<\/strong><\/p>\n\n\n\n<ul class=\"wp-block-list\">\n<li>PYO i\u015f hedeflerine odakl\u0131d\u0131r.<\/li>\n<li>PYO t\u00fcm projelerde ortak kaynaklar\u0131n kullan\u0131m\u0131n\u0131 optimize eder.<\/li>\n<li>Benzer Projelerin farkl\u0131 birimler taraf\u0131ndan ba\u015flat\u0131lmas\u0131n\u0131 engeller<\/li>\n<li>PYO projeler aras\u0131nda i\u015fletme d\u00fczeyindeki metodolojileri, standartlar\u0131, toplam riskleri ve f\u0131rsatlar\u0131 ve kar\u015f\u0131l\u0131kl\u0131 ba\u011f\u0131ml\u0131l\u0131klar\u0131 y\u00f6netir.<\/li>\n<li>Projelerin performanslar\u0131n\u0131 izler ve raporlar<\/li>\n<li>Tedarik\u00e7ileri ve S\u00f6zle\u015fmeleri Y\u00f6netir<\/li>\n<\/ul>","protected":false},"excerpt":{"rendered":"<p>Ne t\u00fcr hizmetler sunuyoruz? Projelerden beklenen faydalar\u0131n ve KPI&#8217;larin do\u011fru belirlenmesi Talep Y\u00f6netimi s\u00fcre\u00e7lerinin, g\u00f6rev ve sorumluluklar\u0131n\u0131n belirlenmesi PMI Program y\u00f6netimi metodolojisi ve ara\u00e7lar\u0131n\u0131 kullan\u0131larak proje portf\u00f6y\u00fcn\u00fcn \u00f6nceliklendirilmesi ve uygulama yol haritas\u0131na tan\u0131mlanmas\u0131na destek olunmas\u0131 Projelerin kalite, b\u00fct\u00e7e, kapsam ve s\u00fcre hedeflerinin takip edilmesi ve al\u0131nmas\u0131 gereken aksiyonlar\u0131n belirlenmesine destek olunmas\u0131 Program\u0131 bekleyen risklerin erken&hellip;<\/p>\n","protected":false},"author":1,"featured_media":0,"parent":0,"menu_order":0,"comment_status":"closed","ping_status":"closed","template":"","meta":{"footnotes":""},"class_list":["post-292","page","type-page","status-publish","hentry"],"jetpack_sharing_enabled":true,"jetpack_likes_enabled":true,"_links":{"self":[{"href":"https:\/\/kurumsal.vizyonerhost.cloud\/index.php\/wp-json\/wp\/v2\/pages\/292","targetHints":{"allow":["GET"]}}],"collection":[{"href":"https:\/\/kurumsal.vizyonerhost.cloud\/index.php\/wp-json\/wp\/v2\/pages"}],"about":[{"href":"https:\/\/kurumsal.vizyonerhost.cloud\/index.php\/wp-json\/wp\/v2\/types\/page"}],"author":[{"embeddable":true,"href":"https:\/\/kurumsal.vizyonerhost.cloud\/index.php\/wp-json\/wp\/v2\/users\/1"}],"replies":[{"embeddable":true,"href":"https:\/\/kurumsal.vizyonerhost.cloud\/index.php\/wp-json\/wp\/v2\/comments?post=292"}],"version-history":[{"count":0,"href":"https:\/\/kurumsal.vizyonerhost.cloud\/index.php\/wp-json\/wp\/v2\/pages\/292\/revisions"}],"wp:attachment":[{"href":"https:\/\/kurumsal.vizyonerhost.cloud\/index.php\/wp-json\/wp\/v2\/media?parent=292"}],"curies":[{"name":"wp","href":"https:\/\/api.w.org\/{rel}","templated":true}]}}