{"id":293,"date":"2020-11-24T13:26:21","date_gmt":"2020-11-24T10:26:21","guid":{"rendered":"http:\/\/www.vizyoner.org\/?page_id=19"},"modified":"2020-11-24T13:26:21","modified_gmt":"2020-11-24T10:26:21","slug":"dis-kaynak-saglama","status":"publish","type":"page","link":"https:\/\/kurumsal.vizyonerhost.cloud\/index.php\/dis-kaynak-saglama\/","title":{"rendered":"D\u0131\u015f Kaynak Sa\u011flama"},"content":{"rendered":"\n\n\n<p>Modern hayat\u0131n sundu\u011fu teknoloji b\u00fct\u00fcnl\u00fc\u011f\u00fcn\u00fc elde edebilmeniz ad\u0131na \u015firketinizin ihtiyac\u0131 olan ekonomik rasyonel i\u015f temposuna sizler ad\u0131na kaliteli \u00e7\u00f6z\u00fcmler sunarak daima bir ad\u0131m \u00f6nde olma \u00e7izgisini b\u00fcnyenizde bar\u0131nd\u0131rman\u0131z\u0131 Outsource hizmetimizle sa\u011flamaktay\u0131z. \u015eirketinizin idari konusunda ihtiya\u00e7 duydu\u011fu d\u0131\u015f kaynak kullan\u0131m\u0131n\u0131 sa\u011flarken de\u011fi\u015fen bilgilere g\u00fcncel odakl\u0131 \u00e7al\u0131\u015fmalar ger\u00e7ekle\u015ftirmekteyiz. Sizleri her alanda ihtiya\u00e7 duydu\u011funuz do\u011frultuda etkin ve \u00e7abuk olma vasf\u0131yla yeni pazarlara y\u00f6nlenmenizde \u00f6nc\u00fcl\u00fck etmekteyiz. \u015eirketinizde var olmas\u0131n\u0131 istedi\u011finiz geli\u015fim ve e\u011fitim s\u00fcrecini sizler ad\u0131na sa\u011flayarak zaman kayb\u0131 \u00f6n\u00fcne ge\u00e7erek kendi asli i\u015flerinize yo\u011funla\u015fman\u0131zda yard\u0131mc\u0131 olmaktay\u0131z.<\/p>\n\n\n\n<p>\u015eirketinizin zaman kayb\u0131na neden olarak h\u0131zla ilerleme ve geli\u015fme s\u00fcrecinize engel olan muhasebe ve y\u00f6netim raporlar\u0131 ile vergi beyannamesi, bordro hizmetleri, d\u00f6nemsel personel deste\u011fi hizmetlerini Outsurce hizmetimizle elde etmenizi ve h\u0131z kazanman\u0131z\u0131 sa\u011flamaktay\u0131z. M\u00fc\u015fterilerimize mevzuat ve yer alan kanun de\u011fi\u015fiklikleri kar\u015f\u0131nda zaman kaybetmeden takip etme zorunlulu\u011funu uzman bir kadroya devretme avantajlar\u0131n\u0131 sunarak g\u00fcven i\u00e7erisinde h\u0131z s\u00fcrecinde kendilerinin pazarda yer almas\u0131n\u0131 sa\u011flamaktay\u0131z. Sundu\u011fumuz profesyonel destek hizmetimizle bar\u0131nd\u0131rd\u0131\u011f\u0131m\u0131z kaliteli personellerimizle siz m\u00fc\u015fterilerimize h\u0131zl\u0131 ve daha az maliyet i\u00e7eren \u00e7\u00f6z\u00fcm s\u00fcrecini elde etmenizi sa\u011flamaktay\u0131z. Teknolojide yer alan g\u00fcncel de\u011fi\u015fimlerle kendimizi g\u00fcncelleyerek yeni \u00e7\u0131kan \u00e7\u00f6z\u00fcm s\u00fcre\u00e7lerine an\u0131nda ula\u015fman\u0131z\u0131 kolayl\u0131kla sa\u011flay\u0131p, i\u015f s\u00fcrecinizin devaml\u0131l\u0131\u011f\u0131n\u0131 ve y\u00fcksek verim s\u00fcrecini elde etmenize yard\u0131mc\u0131 olmaktay\u0131z. Kayba u\u011fratt\u0131\u011f\u0131n\u0131z zaman, enerji tasarrufu d\u0131\u015f\u0131nda maliyet olarak da sizlere yenilikler \u00fcreterek sistem geli\u015ftirmenizde e\u011fitim ve e\u011fitime ba\u011fl\u0131 birimleri Outsource etmekteyiz.<\/p>\n\n\n\n<p>Esneklik gerektiren rekabet alan\u0131nda y\u00fcksek kaliteyi uygun fiyata temin etme gere\u011fini m\u00fc\u015fteri ileti\u015fimi ile ilgili i\u015f s\u00fcrecinizde iyi bir ileti\u015fim ve entegrasyon ile devretme ve sonras\u0131nda uygulanmas\u0131 gereken kontrolleri sizler ad\u0131na ele alarak izlemekteyiz. Ya\u015fad\u0131\u011f\u0131n\u0131z i\u015f zorluklar\u0131n\u0131 hafifleterek daha fazla ba\u015far\u0131y\u0131 elde edip ad\u0131n\u0131z\u0131 \u00f6nde tutman\u0131z ad\u0131na verim g\u00fcc\u00fcn\u00fcz\u00fc d\u00fc\u015f\u00fcnerek sizlere Outsource hizmetini sa\u011flayan bizler, profesyonel firma deste\u011fimizle az maliyet s\u00fcrecini maksimum oranda elde tutarak ihtiya\u00e7lar\u0131n\u0131z\u0131n kar\u015f\u0131lanmas\u0131n\u0131 sa\u011flamaktay\u0131z. Gerekli olan eleman se\u00e7me ihtiya\u00e7lar\u0131n\u0131z\u0131 uzmanl\u0131k ve zaman gerektiren kay\u0131plardan uzak tutarak sizler ad\u0131na ger\u00e7ekle\u015ftirmekteyiz.<\/p>","protected":false},"excerpt":{"rendered":"<p>Modern hayat\u0131n sundu\u011fu teknoloji b\u00fct\u00fcnl\u00fc\u011f\u00fcn\u00fc elde edebilmeniz ad\u0131na \u015firketinizin ihtiyac\u0131 olan ekonomik rasyonel i\u015f temposuna sizler ad\u0131na kaliteli \u00e7\u00f6z\u00fcmler sunarak daima bir ad\u0131m \u00f6nde olma \u00e7izgisini b\u00fcnyenizde bar\u0131nd\u0131rman\u0131z\u0131 Outsource hizmetimizle sa\u011flamaktay\u0131z. \u015eirketinizin idari konusunda ihtiya\u00e7 duydu\u011fu d\u0131\u015f kaynak kullan\u0131m\u0131n\u0131 sa\u011flarken de\u011fi\u015fen bilgilere g\u00fcncel odakl\u0131 \u00e7al\u0131\u015fmalar ger\u00e7ekle\u015ftirmekteyiz. Sizleri her alanda ihtiya\u00e7 duydu\u011funuz do\u011frultuda etkin ve \u00e7abuk&hellip;<\/p>\n","protected":false},"author":1,"featured_media":0,"parent":0,"menu_order":0,"comment_status":"closed","ping_status":"closed","template":"","meta":{"footnotes":""},"class_list":["post-293","page","type-page","status-publish","hentry"],"jetpack_sharing_enabled":true,"jetpack_likes_enabled":true,"_links":{"self":[{"href":"https:\/\/kurumsal.vizyonerhost.cloud\/index.php\/wp-json\/wp\/v2\/pages\/293","targetHints":{"allow":["GET"]}}],"collection":[{"href":"https:\/\/kurumsal.vizyonerhost.cloud\/index.php\/wp-json\/wp\/v2\/pages"}],"about":[{"href":"https:\/\/kurumsal.vizyonerhost.cloud\/index.php\/wp-json\/wp\/v2\/types\/page"}],"author":[{"embeddable":true,"href":"https:\/\/kurumsal.vizyonerhost.cloud\/index.php\/wp-json\/wp\/v2\/users\/1"}],"replies":[{"embeddable":true,"href":"https:\/\/kurumsal.vizyonerhost.cloud\/index.php\/wp-json\/wp\/v2\/comments?post=293"}],"version-history":[{"count":0,"href":"https:\/\/kurumsal.vizyonerhost.cloud\/index.php\/wp-json\/wp\/v2\/pages\/293\/revisions"}],"wp:attachment":[{"href":"https:\/\/kurumsal.vizyonerhost.cloud\/index.php\/wp-json\/wp\/v2\/media?parent=293"}],"curies":[{"name":"wp","href":"https:\/\/api.w.org\/{rel}","templated":true}]}}