{"id":294,"date":"2020-11-24T13:26:48","date_gmt":"2020-11-24T10:26:48","guid":{"rendered":"http:\/\/www.vizyoner.org\/?page_id=21"},"modified":"2020-11-24T13:26:48","modified_gmt":"2020-11-24T10:26:48","slug":"yonetim-danismanligi","status":"publish","type":"page","link":"https:\/\/kurumsal.vizyonerhost.cloud\/index.php\/yonetim-danismanligi\/","title":{"rendered":"Y\u00f6netim Dan\u0131\u015fmanl\u0131\u011f\u0131"},"content":{"rendered":"\n\n\n<p>Sat\u0131\u015flar\u0131n\u0131z\u0131n, kar\u0131n\u0131z\u0131n, performans\u0131n\u0131z\u0131n ya da kredibilitenizin \u00e7e\u015fitli nedenlerle (firma i\u00e7i, firma d\u0131\u015f\u0131, ulusal ya da global bazda) geriye gitmesi durumunda eski g\u00fcc\u00fcn\u00fcz\u00fc sizlere geri kazand\u0131rmak ad\u0131na Y\u00f6netim Dan\u0131\u015fmanl\u0131\u011f\u0131 hizmeti sunmaktay\u0131z. Yapt\u0131\u011f\u0131m\u0131z g\u00fc\u00e7l\u00fc \u00e7al\u0131\u015fma sistemimizle an\u0131nda sizleri ya\u015fad\u0131\u011f\u0131n\u0131z zor durumdan kurtararak pazarda eski verim kapasitenizi art\u0131rm\u0131\u015f bir \u015fekilde geri kazanman\u0131z\u0131 sa\u011fl\u0131yoruz. \u0130stenilen rekabet g\u00fcc\u00fcn\u00fcz\u00fc ayakta tutman\u0131z ve tasarlanma \u015feklinde yer almas\u0131 gereken verimlilik maksimize zorunlulu\u011funuzu sizler ad\u0131na sa\u011flay\u0131p ya\u015fad\u0131\u011f\u0131n\u0131z dar bo\u011fazdan geni\u015f bir \u015fekilde ge\u00e7menizi sa\u011fl\u0131yoruz.<\/p>\n\n\n\n<p>\u00c7al\u0131\u015fanlar\u0131m\u0131z\u0131n her bir ayr\u0131 alanda devaml\u0131 kendilerini yenileyen ve geli\u015ftiren \u00e7al\u0131\u015fmalar\u0131yla h\u0131zl\u0131 bir \u00e7\u00f6z\u00fcm orta\u011f\u0131 olma \u015fans\u0131n\u0131 sizlere sunmas\u0131 paralelinde mevcut durumunuzu analizler kapsam\u0131nda ele alarak yap\u0131lmas\u0131 gereken stratejik planlama s\u00fcrecini sizlere sa\u011flamaktad\u0131r.<\/p>\n\n\n\n<p>Yer ald\u0131\u011f\u0131n\u0131z konumun kriz e\u015fi\u011finde olmas\u0131 d\u0131\u015f\u0131nda daha iyi bir konumda \u00f6nc\u00fc konumda hizmet sa\u011flamas\u0131 ad\u0131na bulundu\u011funuz s\u00fcreci iyile\u015ftiren firmam\u0131z, Y\u00f6netim Dan\u0131\u015fmanl\u0131\u011f\u0131 kapsam\u0131nda geni\u015f bir \u00e7at\u0131 alt\u0131nda ihtiya\u00e7lar\u0131n\u0131za do\u011fru y\u00f6nde kaliteli \u00e7\u00f6z\u00fcmler ile hizmet sunmaktad\u0131r. Sizler ad\u0131na firma analizli i\u015flemlerinizi ger\u00e7ekle\u015ftirip rekabet ve b\u00fcy\u00fcme stratejisi ihtiyac\u0131n\u0131z\u0131n kar\u015f\u0131lanmas\u0131 ad\u0131na planl\u0131 \u00e7al\u0131\u015fmalar sergileyip olumlu sonu\u00e7lar ile ad\u0131n\u0131z\u0131n yeniden g\u00fcndeme ta\u015f\u0131nmas\u0131n\u0131 sa\u011flamaktay\u0131z.<\/p>\n\n\n\n<p>\u015eirketiniz ve sizler i\u00e7in gerekli olan \u00e7al\u0131\u015fmalar\u0131 eksik e\u011fitim ve y\u00f6netim \u015feklinden uzakla\u015ft\u0131rarak bilin\u00e7li hareket etme s\u00fcrecinde sizlere destek sa\u011flayan firmam\u0131z, yeni yat\u0131r\u0131mlar hususunda da sizlere i\u015fletim detaylar\u0131 hakk\u0131nda bilin\u00e7lenmeniz ad\u0131na g\u00fc\u00e7l\u00fc \u00f6neri raporlar\u0131 sunmaktad\u0131r. \u015eirketinizde var olan \u00e7al\u0131\u015fanlar\u0131n\u0131z\u0131n da verim s\u00fcrecinizi h\u0131zland\u0131rmas\u0131 ad\u0131na gerekli olan bilgi y\u00f6netim \u015fekli ihtiya\u00e7lar\u0131na sorunsuz \u015fekilde cevap vermek ad\u0131na g\u00fc\u00e7l\u00fc yap\u0131m\u0131zla hizmet ger\u00e7ekle\u015ftirmekteyiz.<\/p>\n\n\n\n<p>\u00c7al\u0131\u015fanlar\u0131m\u0131z\u0131n her biri kendi uzmanl\u0131k alanlar\u0131nda devaml\u0131 kendilerini yenileyen ve geli\u015ftiren \u00e7al\u0131\u015fmalar\u0131yla h\u0131zl\u0131 bir \u00e7\u00f6z\u00fcm orta\u011f\u0131 olma \u015fans\u0131n\u0131 sizlere sunar ve bu paralelde mevcut durumunuzu analizler kapsam\u0131nda ele alarak yap\u0131lmas\u0131 gereken statejik planlama s\u00fcrecini sizlere sa\u011flarlar.<\/p>","protected":false},"excerpt":{"rendered":"<p>Sat\u0131\u015flar\u0131n\u0131z\u0131n, kar\u0131n\u0131z\u0131n, performans\u0131n\u0131z\u0131n ya da kredibilitenizin \u00e7e\u015fitli nedenlerle (firma i\u00e7i, firma d\u0131\u015f\u0131, ulusal ya da global bazda) geriye gitmesi durumunda eski g\u00fcc\u00fcn\u00fcz\u00fc sizlere geri kazand\u0131rmak ad\u0131na Y\u00f6netim Dan\u0131\u015fmanl\u0131\u011f\u0131 hizmeti sunmaktay\u0131z. Yapt\u0131\u011f\u0131m\u0131z g\u00fc\u00e7l\u00fc \u00e7al\u0131\u015fma sistemimizle an\u0131nda sizleri ya\u015fad\u0131\u011f\u0131n\u0131z zor durumdan kurtararak pazarda eski verim kapasitenizi art\u0131rm\u0131\u015f bir \u015fekilde geri kazanman\u0131z\u0131 sa\u011fl\u0131yoruz. \u0130stenilen rekabet g\u00fcc\u00fcn\u00fcz\u00fc ayakta tutman\u0131z&hellip;<\/p>\n","protected":false},"author":1,"featured_media":0,"parent":0,"menu_order":0,"comment_status":"closed","ping_status":"closed","template":"","meta":{"footnotes":""},"class_list":["post-294","page","type-page","status-publish","hentry"],"jetpack_sharing_enabled":true,"jetpack_likes_enabled":true,"_links":{"self":[{"href":"https:\/\/kurumsal.vizyonerhost.cloud\/index.php\/wp-json\/wp\/v2\/pages\/294","targetHints":{"allow":["GET"]}}],"collection":[{"href":"https:\/\/kurumsal.vizyonerhost.cloud\/index.php\/wp-json\/wp\/v2\/pages"}],"about":[{"href":"https:\/\/kurumsal.vizyonerhost.cloud\/index.php\/wp-json\/wp\/v2\/types\/page"}],"author":[{"embeddable":true,"href":"https:\/\/kurumsal.vizyonerhost.cloud\/index.php\/wp-json\/wp\/v2\/users\/1"}],"replies":[{"embeddable":true,"href":"https:\/\/kurumsal.vizyonerhost.cloud\/index.php\/wp-json\/wp\/v2\/comments?post=294"}],"version-history":[{"count":0,"href":"https:\/\/kurumsal.vizyonerhost.cloud\/index.php\/wp-json\/wp\/v2\/pages\/294\/revisions"}],"wp:attachment":[{"href":"https:\/\/kurumsal.vizyonerhost.cloud\/index.php\/wp-json\/wp\/v2\/media?parent=294"}],"curies":[{"name":"wp","href":"https:\/\/api.w.org\/{rel}","templated":true}]}}