{"id":295,"date":"2020-11-24T13:27:17","date_gmt":"2020-11-24T10:27:17","guid":{"rendered":"http:\/\/www.vizyoner.org\/?page_id=23"},"modified":"2020-11-24T13:27:17","modified_gmt":"2020-11-24T10:27:17","slug":"it-danismanligi","status":"publish","type":"page","link":"https:\/\/kurumsal.vizyonerhost.cloud\/index.php\/it-danismanligi\/","title":{"rendered":"IT Dan\u0131\u015fmanl\u0131\u011f\u0131"},"content":{"rendered":"\n<h2 style=\"font-size: 24px;\"><strong>IT Dan\u0131\u015fmanl\u0131\u011f\u0131<\/strong><\/h2>\n<p>&nbsp;<\/p>\n\n\n\n<p>IT dan\u0131\u015fmanl\u0131k servisi, b\u00fcy\u00fck \u00f6l\u00e7ekli organizasyonlar\u0131n\u0131n yeni bilgi teknolojilerini kullanarak bilgi i\u015flem ortam\u0131n\u0131n planlanmas\u0131, yap\u0131land\u0131r\u0131lmas\u0131 ve y\u00f6netilmeleri ile ilgili destek vermekte olup, dan\u0131\u015fmanl\u0131k yapt\u0131\u011f\u0131m\u0131z \u015firketlerin, personelleri ile birlikte \u00e7al\u0131\u015farak bilgi aktar\u0131m\u0131n\u0131n ger\u00e7ekle\u015fmesini sa\u011flamaktad\u0131r. Dan\u0131\u015fmanlar\u0131m\u0131z\u0131n farkl\u0131 alanlarda, elde ettikleri tecr\u00fcbelerle bu alan\u0131n i\u00e7ine girerek verilen hizmetlerin en y\u00fcksek kalitede olmas\u0131n\u0131 hedeflemekteyiz. Vizyonumuz, bilgi teknolojisinin getirdi\u011fi t\u00fcm avantajlar\u0131 siz m\u00fc\u015fterilerimize fayda olarak sunmakta. IT dan\u0131\u015fmanl\u0131k servisimizin verdi\u011fi profesyonel hizmetlerimiz ile m\u00fc\u015fterilerimizin en yeni olan bilgi teknolojilerini kullanarak, i\u015f s\u00fcre\u00e7lerinin h\u0131zland\u0131r\u0131lmas\u0131 ve verimliliklerinin artt\u0131r\u0131lmas\u0131 hedefleniyor. Program i\u00e7inde al\u0131nan derslerimiz g\u00fcncel ve sekt\u00f6rel ihtiya\u00e7lar\u0131 gidermeyi hedefleyen konular\u0131 i\u00e7erecek \u015fekillerde olu\u015fturarak siz de\u011ferli m\u00fc\u015fterilerimize sunuyor.<\/p>\n\n\n\n<p>G\u00fcn\u00fcm\u00fczde IT dan\u0131\u015fmanl\u0131\u011f\u0131, bili\u015fim ve teknoloji alanlar\u0131ndaki t\u00fcm i\u015flemleri ve sistemleri kapsayacak \u015fekilde genel bir kavram halini alm\u0131\u015f bulunmaktad\u0131r. IT teknolojilerinden e\u011fitim alm\u0131\u015f uzmanlar\u0131m\u0131z; bili\u015fim uzman\u0131 yada IT uzman\u0131 unvanlar\u0131na sahiptirler. Uzmanlar\u0131m\u0131z, b\u00fcy\u00fck \u00f6l\u00e7ekli bili\u015fim projelerinin tasar\u0131mlar\u0131nda, ger\u00e7ekle\u015fmesinde ve y\u00f6netilmesinde, bilgisayar a\u011flar\u0131n\u0131n y\u00f6netilmesinde ve tasarlanmas\u0131nda, bilgi sistemlerinin g\u00fcvenliklerinin sa\u011flanmas\u0131nda, veritabanlar\u0131 sisteminin tasar\u0131mlar\u0131nda, geli\u015ftirilmesinde ve y\u00f6netilmesinde gibi bir\u00e7ok alanlarda uzmanl\u0131k sa\u011flam\u0131\u015flard\u0131r. Veri taban\u0131 uzmanl\u0131\u011f\u0131nda; tasar\u0131mc\u0131, y\u00f6netici, veri madencili\u011fi uzman\u0131 ve m\u00fc\u015fteri ili\u015fkileri y\u00f6neticisi; Bilgisayar a\u011flar\u0131 ve g\u00fcvenli\u011fi uzmanl\u0131\u011f\u0131nda; a\u011f y\u00f6neticisi, g\u00fcvenlik y\u00f6neticisi, ileti\u015fim ve bilgi g\u00fcvenli\u011fi uzman\u0131; Yaz\u0131l\u0131m geli\u015ftirme uzmanl\u0131\u011f\u0131nda; yaz\u0131l\u0131m mimar\u0131 ve tasar\u0131mc\u0131s\u0131, proje lideri ve programc\u0131; Bili\u015fim sistemleri uzmanl\u0131\u011f\u0131ndaysa; y\u00f6netici, dan\u0131\u015fman ve denetimci, kurumsal bilgi mimarisi uzman\u0131, i\u015f ve sistem analisti alanlar\u0131nda uzmanlar\u0131m\u0131z mevcuttur.<\/p>\n\n\n\n<p>IT dan\u0131\u015fmanl\u0131\u011f\u0131nda; hedeflenen ama\u00e7, \u015firketlerin bilgi sistemi altyap\u0131lar\u0131n\u0131n d\u00fczg\u00fcn ve gerekti\u011fi \u015fekillerde \u00e7al\u0131\u015fmalar\u0131n\u0131 temin etmektedir. Hedeflerimize ula\u015fmak i\u00e7in \u015firketimizin g\u00fcnl\u00fck ve gelecekteki olas\u0131 bilgi sistemi ihtiya\u00e7lar\u0131n\u0131 s\u00fcrekli olarak takip ederek, ortaya \u00e7\u0131kmas\u0131 m\u00fcmk\u00fcn olan engelleri \u00f6nceden saptayarak ve \u00e7\u00f6z\u00fcme y\u00f6nelik \u00e7e\u015fitli \u00f6nerileri ortaya sunarak verimlili\u011fin s\u00fcreklili\u011fi saptanmaktad\u0131r. Yaz\u0131l\u0131m ve donan\u0131m se\u00e7im dan\u0131\u015fmanl\u0131\u011f\u0131 i\u00e7indeyse; gerek crm, erp ve mobil uygulamalar gibi yeni kavram ve uygulamalar\u0131 gibi bilinen uygulamalar\u0131 s\u00fcrekli takip alt\u0131na alarak, \u015firketin hangi birimlerinde, hangi uygulamalara ve bunlara ne zaman ihtiya\u00e7 duyduklar\u0131na dair \u00f6neri ve raporlar \u00e7\u0131karmak i\u00e7in yap\u0131lan \u00e7al\u0131\u015fmalar\u0131 i\u00e7eriyoruz.<\/p>","protected":false},"excerpt":{"rendered":"<p>IT Dan\u0131\u015fmanl\u0131\u011f\u0131 &nbsp; IT dan\u0131\u015fmanl\u0131k servisi, b\u00fcy\u00fck \u00f6l\u00e7ekli organizasyonlar\u0131n\u0131n yeni bilgi teknolojilerini kullanarak bilgi i\u015flem ortam\u0131n\u0131n planlanmas\u0131, yap\u0131land\u0131r\u0131lmas\u0131 ve y\u00f6netilmeleri ile ilgili destek vermekte olup, dan\u0131\u015fmanl\u0131k yapt\u0131\u011f\u0131m\u0131z \u015firketlerin, personelleri ile birlikte \u00e7al\u0131\u015farak bilgi aktar\u0131m\u0131n\u0131n ger\u00e7ekle\u015fmesini sa\u011flamaktad\u0131r. Dan\u0131\u015fmanlar\u0131m\u0131z\u0131n farkl\u0131 alanlarda, elde ettikleri tecr\u00fcbelerle bu alan\u0131n i\u00e7ine girerek verilen hizmetlerin en y\u00fcksek kalitede olmas\u0131n\u0131 hedeflemekteyiz. Vizyonumuz, bilgi&hellip;<\/p>\n","protected":false},"author":1,"featured_media":0,"parent":0,"menu_order":0,"comment_status":"closed","ping_status":"closed","template":"templates\/only-content.php","meta":{"footnotes":""},"class_list":["post-295","page","type-page","status-publish","hentry"],"jetpack_sharing_enabled":true,"jetpack_likes_enabled":true,"_links":{"self":[{"href":"https:\/\/kurumsal.vizyonerhost.cloud\/index.php\/wp-json\/wp\/v2\/pages\/295","targetHints":{"allow":["GET"]}}],"collection":[{"href":"https:\/\/kurumsal.vizyonerhost.cloud\/index.php\/wp-json\/wp\/v2\/pages"}],"about":[{"href":"https:\/\/kurumsal.vizyonerhost.cloud\/index.php\/wp-json\/wp\/v2\/types\/page"}],"author":[{"embeddable":true,"href":"https:\/\/kurumsal.vizyonerhost.cloud\/index.php\/wp-json\/wp\/v2\/users\/1"}],"replies":[{"embeddable":true,"href":"https:\/\/kurumsal.vizyonerhost.cloud\/index.php\/wp-json\/wp\/v2\/comments?post=295"}],"version-history":[{"count":0,"href":"https:\/\/kurumsal.vizyonerhost.cloud\/index.php\/wp-json\/wp\/v2\/pages\/295\/revisions"}],"wp:attachment":[{"href":"https:\/\/kurumsal.vizyonerhost.cloud\/index.php\/wp-json\/wp\/v2\/media?parent=295"}],"curies":[{"name":"wp","href":"https:\/\/api.w.org\/{rel}","templated":true}]}}