{"id":68,"date":"2020-11-24T14:01:55","date_gmt":"2020-11-24T11:01:55","guid":{"rendered":"http:\/\/www.vizyoner.org\/?page_id=68"},"modified":"2020-11-24T14:01:55","modified_gmt":"2020-11-24T11:01:55","slug":"bilim-ve-teknoloji-danismanligi","status":"publish","type":"page","link":"https:\/\/kurumsal.vizyonerhost.cloud\/index.php\/bilim-ve-teknoloji-danismanligi\/","title":{"rendered":"Bilim ve Teknoloji Dan\u0131\u015fmanl\u0131\u011f\u0131"},"content":{"rendered":"\n\n\n<ul class=\"wp-block-list\">\n<li>Bilim ve teknoloji 21.yy&#8217;\u0131n dinamikleriyle artan \u00f6nemini korurken, yeni stratejilerin oda\u011f\u0131nda bulunuyor. Kamudan sivil topluma kadar bilgi toplumunun b\u00fct\u00fcn katmanlar\u0131nda bireyden organizasyonlara kendini yeniliyor.<\/li>\n<li>Vizyoner Bili\u015fim ve Y\u00f6netim Dan\u0131\u015fmanl\u0131\u011f\u0131 olarak fark\u0131ndal\u0131k orijininde hizmetlerinin oda\u011f\u0131na bu bilin\u00e7le hizmet vermektedir.<\/li>\n<li>Art\u0131k 21.yy&#8217;\u0131n enformasyon devriminin ivmelenerek s\u00fcrd\u00fcr\u00fclece\u011fi a\u00e7\u0131k olarak g\u00f6zlemlenmektedir.<\/li>\n<li>Devletler stratejilerini bu do\u011frultuda yenilerken sivil toplum hareket dinamiklerinde bunu g\u00f6z \u00f6n\u00fcnde bulundurmaktad\u0131r.<\/li>\n<li>Art\u0131k yeni kavramlar\u0131m\u0131z var. G\u00fcndelik hayat\u0131m\u0131z\u0131n par\u00e7as\u0131 haline gelen bu denklemde yerimizi belirlememiz i\u00e7in var\u0131z.<\/li>\n<li>Teknoloji bilimin bir arac\u0131 iken bug\u00fcn ana dinamiklerinde yer al\u0131yor. Yani birbirinden ay\u0131r\u0131lmaz hale geldi. Entelekt\u00fcel sermayenin bu denli ivmelenmesinde sosyal hayat\u0131n gerektirdi\u011fi ileti\u015fim k\u00fclt\u00fcr\u00fcn\u00fcn \u00f6nemi b\u00fcy\u00fck. Hi\u00e7 ka\u00e7\u0131n\u0131lmaz \u015fekilde b\u00fct\u00fcn kurumlar\u0131m\u0131zda art\u0131k profesyonel deste\u011fin olmazsa olmaz bilincindeyiz. Bu bilin\u00e7le ana omurgam\u0131z\u0131 gelece\u011fin \u00f6ng\u00f6r\u00fcs\u00fcnde dizayn ettik ve hizmetlerimizi bu esaslara g\u00f6re kuruyoruz.<\/li>\n<li>Deneyimlerimizin bize verdi\u011fi tecr\u00fcbe ile ideallerin kesi\u015fti\u011fi noktada tam da vizyoner kimli\u011fin ufuk \u00e7izgisini olu\u015fturdu\u011funu g\u00f6rd\u00fck. \u0130nsan bu \u00e7izginin neresinde? Bilim- Toplum projelerinin merkez noktas\u0131n\u0131 insan olu\u015fturuyor. Kendi modellerimizi bu kritik bak\u0131\u015f a\u00e7\u0131s\u0131n\u0131n \u00fczerine bina ettik.<\/li>\n<\/ul>","protected":false},"excerpt":{"rendered":"<p>Bilim ve teknoloji 21.yy&#8217;\u0131n dinamikleriyle artan \u00f6nemini korurken, yeni stratejilerin oda\u011f\u0131nda bulunuyor. Kamudan sivil topluma kadar bilgi toplumunun b\u00fct\u00fcn katmanlar\u0131nda bireyden organizasyonlara kendini yeniliyor. Vizyoner Bili\u015fim ve Y\u00f6netim Dan\u0131\u015fmanl\u0131\u011f\u0131 olarak fark\u0131ndal\u0131k orijininde hizmetlerinin oda\u011f\u0131na bu bilin\u00e7le hizmet vermektedir. Art\u0131k 21.yy&#8217;\u0131n enformasyon devriminin ivmelenerek s\u00fcrd\u00fcr\u00fclece\u011fi a\u00e7\u0131k olarak g\u00f6zlemlenmektedir. Devletler stratejilerini bu do\u011frultuda yenilerken sivil toplum hareket&hellip;<\/p>\n","protected":false},"author":1,"featured_media":0,"parent":0,"menu_order":0,"comment_status":"closed","ping_status":"closed","template":"","meta":{"footnotes":""},"class_list":["post-68","page","type-page","status-publish","hentry"],"jetpack_sharing_enabled":true,"jetpack_likes_enabled":true,"_links":{"self":[{"href":"https:\/\/kurumsal.vizyonerhost.cloud\/index.php\/wp-json\/wp\/v2\/pages\/68","targetHints":{"allow":["GET"]}}],"collection":[{"href":"https:\/\/kurumsal.vizyonerhost.cloud\/index.php\/wp-json\/wp\/v2\/pages"}],"about":[{"href":"https:\/\/kurumsal.vizyonerhost.cloud\/index.php\/wp-json\/wp\/v2\/types\/page"}],"author":[{"embeddable":true,"href":"https:\/\/kurumsal.vizyonerhost.cloud\/index.php\/wp-json\/wp\/v2\/users\/1"}],"replies":[{"embeddable":true,"href":"https:\/\/kurumsal.vizyonerhost.cloud\/index.php\/wp-json\/wp\/v2\/comments?post=68"}],"version-history":[{"count":0,"href":"https:\/\/kurumsal.vizyonerhost.cloud\/index.php\/wp-json\/wp\/v2\/pages\/68\/revisions"}],"wp:attachment":[{"href":"https:\/\/kurumsal.vizyonerhost.cloud\/index.php\/wp-json\/wp\/v2\/media?parent=68"}],"curies":[{"name":"wp","href":"https:\/\/api.w.org\/{rel}","templated":true}]}}