{"id":72,"date":"2020-11-24T14:02:37","date_gmt":"2020-11-24T11:02:37","guid":{"rendered":"http:\/\/www.vizyoner.org\/?page_id=72"},"modified":"2020-11-24T14:02:37","modified_gmt":"2020-11-24T11:02:37","slug":"performans-ve-degerlendirme","status":"publish","type":"page","link":"https:\/\/kurumsal.vizyonerhost.cloud\/index.php\/performans-ve-degerlendirme\/","title":{"rendered":"Performans ve De\u011ferlendirme"},"content":{"rendered":"\n\n\n<p>Performans De\u011ferlendirme Y\u00f6ntemi olarak 90, 180, 270 ve 360 olmak \u00fczere d\u00f6rt temel performans derecesi se\u00e7ilmi\u015ftir. Her d\u00f6nem i\u00e7in \u015firket\/firman\u0131za g\u00f6re istedi\u011finiz y\u00f6ntemi yada y\u00f6ntemleri se\u00e7ebilirsiniz.<\/p>\n\n\n\n<p>Uygulamam\u0131z\u0131n tamam\u0131n\u0131n yap\u0131m ve analizinde, akademik kariyerini \u0130K alan\u0131nda yapm\u0131\u015f yapmakta olan uzmanlar\u0131m\u0131zdan yard\u0131m al\u0131narak yap\u0131lm\u0131\u015f. Ve halen teknolojik geli\u015fmelere ba\u011fl\u0131 olarak geli\u015ftirilen bir uygulamad\u0131r<\/p>\n\n\n\n<p>De\u011ferlendirme s\u00fcreci sonunda d\u00f6nem kapat\u0131ld\u0131\u011f\u0131nda t\u00fcm de\u011ferlendirme sonu\u00e7lar\u0131 i\u00e7in \u00e7ok detayl\u0131 listeleme\/raporlama sistemi vard\u0131r. Sonu\u00e7lar grup, b\u00f6lge, b\u00f6l\u00fcm, birim gibi \u015firket yap\u0131lanmas\u0131 baz\u0131nda olup g\u00f6steriminde grafiksel g\u00f6sterimler kullan\u0131lm\u0131\u015ft\u0131r.<\/p>\n\n\n\n<p>Kullan\u0131m s\u0131ras\u0131nda olu\u015fabilecek her t\u00fcrl\u00fc teknik aksakl\u0131k, kullan\u0131m yard\u0131m\u0131 i\u00e7in teknik servisimiz yan\u0131n\u0131zdad\u0131r. 24 saatte mutlaka geri d\u00f6n\u00fc\u015f garantisi veriyoruz. Uygulamalar\u0131m\u0131z s\u00fcrekli geli\u015ftirilmektedir.<\/p>","protected":false},"excerpt":{"rendered":"<p>Performans De\u011ferlendirme Y\u00f6ntemi olarak 90, 180, 270 ve 360 olmak \u00fczere d\u00f6rt temel performans derecesi se\u00e7ilmi\u015ftir. Her d\u00f6nem i\u00e7in \u015firket\/firman\u0131za g\u00f6re istedi\u011finiz y\u00f6ntemi yada y\u00f6ntemleri se\u00e7ebilirsiniz. Uygulamam\u0131z\u0131n tamam\u0131n\u0131n yap\u0131m ve analizinde, akademik kariyerini \u0130K alan\u0131nda yapm\u0131\u015f yapmakta olan uzmanlar\u0131m\u0131zdan yard\u0131m al\u0131narak yap\u0131lm\u0131\u015f. Ve halen teknolojik geli\u015fmelere ba\u011fl\u0131 olarak geli\u015ftirilen bir uygulamad\u0131r De\u011ferlendirme s\u00fcreci sonunda d\u00f6nem&hellip;<\/p>\n","protected":false},"author":1,"featured_media":0,"parent":0,"menu_order":0,"comment_status":"closed","ping_status":"closed","template":"","meta":{"footnotes":""},"class_list":["post-72","page","type-page","status-publish","hentry"],"jetpack_sharing_enabled":true,"jetpack_likes_enabled":true,"_links":{"self":[{"href":"https:\/\/kurumsal.vizyonerhost.cloud\/index.php\/wp-json\/wp\/v2\/pages\/72","targetHints":{"allow":["GET"]}}],"collection":[{"href":"https:\/\/kurumsal.vizyonerhost.cloud\/index.php\/wp-json\/wp\/v2\/pages"}],"about":[{"href":"https:\/\/kurumsal.vizyonerhost.cloud\/index.php\/wp-json\/wp\/v2\/types\/page"}],"author":[{"embeddable":true,"href":"https:\/\/kurumsal.vizyonerhost.cloud\/index.php\/wp-json\/wp\/v2\/users\/1"}],"replies":[{"embeddable":true,"href":"https:\/\/kurumsal.vizyonerhost.cloud\/index.php\/wp-json\/wp\/v2\/comments?post=72"}],"version-history":[{"count":0,"href":"https:\/\/kurumsal.vizyonerhost.cloud\/index.php\/wp-json\/wp\/v2\/pages\/72\/revisions"}],"wp:attachment":[{"href":"https:\/\/kurumsal.vizyonerhost.cloud\/index.php\/wp-json\/wp\/v2\/media?parent=72"}],"curies":[{"name":"wp","href":"https:\/\/api.w.org\/{rel}","templated":true}]}}