{"id":75,"date":"2020-11-24T14:03:09","date_gmt":"2020-11-24T11:03:09","guid":{"rendered":"http:\/\/www.vizyoner.org\/?page_id=75"},"modified":"2020-11-24T14:03:09","modified_gmt":"2020-11-24T11:03:09","slug":"ariza-ve-kalibrasyon-sistemi","status":"publish","type":"page","link":"https:\/\/kurumsal.vizyonerhost.cloud\/index.php\/ariza-ve-kalibrasyon-sistemi\/","title":{"rendered":"Ar\u0131za ve Kalibrasyon Sistemi"},"content":{"rendered":"\n\n\n<p>Stoklarda kullan\u0131lan malzemelerin hassas ve periyodik bak\u0131mlar\u0131n\u0131n yap\u0131lmas\u0131n\u0131 isteyen her firmaya y\u00f6nelik olarak tasarlanm\u0131\u015f bir yaz\u0131l\u0131md\u0131r. Ba\u015fta sa\u011fl\u0131k sekt\u00f6r\u00fc olmak \u00fczere t\u00fcm fabrika ya da \u00fcretim firmalar\u0131nda kullan\u0131lan hassas cihaz ve di\u011fer donan\u0131mlar\u0131n stok, ar\u0131za ve kalibrasyon takibi i\u00e7in kullan\u0131labilir.<\/p>\n\n\n\n<p>Her \u00fcr\u00fcn sisteme BARKOD numaras\u0131 ile kaydedilir. Bu numara ile stok \u00fcr\u00fcn\u00fcn\u00fcn garanti takibi yap\u0131l\u0131r. Sisteme ba\u011fl\u0131 t\u00fcm harici ar\u0131za ve kalibrasyon firmalar\u0131na ait aray\u00fczlerle, bak\u0131m halinde olan t\u00fcm \u00fcr\u00fcnlerin bak\u0131m a\u015famalar\u0131 sistemden g\u00f6r\u00fclebilir.<\/p>","protected":false},"excerpt":{"rendered":"<p>Stoklarda kullan\u0131lan malzemelerin hassas ve periyodik bak\u0131mlar\u0131n\u0131n yap\u0131lmas\u0131n\u0131 isteyen her firmaya y\u00f6nelik olarak tasarlanm\u0131\u015f bir yaz\u0131l\u0131md\u0131r. Ba\u015fta sa\u011fl\u0131k sekt\u00f6r\u00fc olmak \u00fczere t\u00fcm fabrika ya da \u00fcretim firmalar\u0131nda kullan\u0131lan hassas cihaz ve di\u011fer donan\u0131mlar\u0131n stok, ar\u0131za ve kalibrasyon takibi i\u00e7in kullan\u0131labilir. Her \u00fcr\u00fcn sisteme BARKOD numaras\u0131 ile kaydedilir. Bu numara ile stok \u00fcr\u00fcn\u00fcn\u00fcn garanti takibi yap\u0131l\u0131r.&hellip;<\/p>\n","protected":false},"author":1,"featured_media":0,"parent":0,"menu_order":0,"comment_status":"closed","ping_status":"closed","template":"","meta":{"footnotes":""},"class_list":["post-75","page","type-page","status-publish","hentry"],"jetpack_sharing_enabled":true,"jetpack_likes_enabled":true,"_links":{"self":[{"href":"https:\/\/kurumsal.vizyonerhost.cloud\/index.php\/wp-json\/wp\/v2\/pages\/75","targetHints":{"allow":["GET"]}}],"collection":[{"href":"https:\/\/kurumsal.vizyonerhost.cloud\/index.php\/wp-json\/wp\/v2\/pages"}],"about":[{"href":"https:\/\/kurumsal.vizyonerhost.cloud\/index.php\/wp-json\/wp\/v2\/types\/page"}],"author":[{"embeddable":true,"href":"https:\/\/kurumsal.vizyonerhost.cloud\/index.php\/wp-json\/wp\/v2\/users\/1"}],"replies":[{"embeddable":true,"href":"https:\/\/kurumsal.vizyonerhost.cloud\/index.php\/wp-json\/wp\/v2\/comments?post=75"}],"version-history":[{"count":0,"href":"https:\/\/kurumsal.vizyonerhost.cloud\/index.php\/wp-json\/wp\/v2\/pages\/75\/revisions"}],"wp:attachment":[{"href":"https:\/\/kurumsal.vizyonerhost.cloud\/index.php\/wp-json\/wp\/v2\/media?parent=75"}],"curies":[{"name":"wp","href":"https:\/\/api.w.org\/{rel}","templated":true}]}}