{"id":79,"date":"2020-11-24T14:06:27","date_gmt":"2020-11-24T11:06:27","guid":{"rendered":"http:\/\/www.vizyoner.org\/?page_id=79"},"modified":"2020-11-24T14:06:27","modified_gmt":"2020-11-24T11:06:27","slug":"is-ortaklarimiz","status":"publish","type":"page","link":"https:\/\/kurumsal.vizyonerhost.cloud\/index.php\/is-ortaklarimiz\/","title":{"rendered":"\u0130\u015f Ortaklar\u0131m\u0131z"},"content":{"rendered":"<p><img loading=\"lazy\" decoding=\"async\" class=\"alignnone  wp-image-205\" src=\"http:\/\/kurumsal.vizyonerhost.cloud\/wp-content\/uploads\/2020\/11\/is-ortaklari-300x165.png\" alt=\"\" width=\"842\" height=\"463\" srcset=\"https:\/\/kurumsal.vizyonerhost.cloud\/wp-content\/uploads\/2020\/11\/is-ortaklari-300x165.png 300w, https:\/\/kurumsal.vizyonerhost.cloud\/wp-content\/uploads\/2020\/11\/is-ortaklari-1536x847.png 1536w, https:\/\/kurumsal.vizyonerhost.cloud\/wp-content\/uploads\/2020\/11\/is-ortaklari.png 1909w\" sizes=\"auto, (max-width: 842px) 100vw, 842px\" \/><\/p>\n","protected":false},"excerpt":{"rendered":"","protected":false},"author":1,"featured_media":0,"parent":0,"menu_order":0,"comment_status":"closed","ping_status":"closed","template":"","meta":{"footnotes":""},"class_list":["post-79","page","type-page","status-publish","hentry"],"jetpack_sharing_enabled":true,"jetpack_likes_enabled":true,"_links":{"self":[{"href":"https:\/\/kurumsal.vizyonerhost.cloud\/index.php\/wp-json\/wp\/v2\/pages\/79","targetHints":{"allow":["GET"]}}],"collection":[{"href":"https:\/\/kurumsal.vizyonerhost.cloud\/index.php\/wp-json\/wp\/v2\/pages"}],"about":[{"href":"https:\/\/kurumsal.vizyonerhost.cloud\/index.php\/wp-json\/wp\/v2\/types\/page"}],"author":[{"embeddable":true,"href":"https:\/\/kurumsal.vizyonerhost.cloud\/index.php\/wp-json\/wp\/v2\/users\/1"}],"replies":[{"embeddable":true,"href":"https:\/\/kurumsal.vizyonerhost.cloud\/index.php\/wp-json\/wp\/v2\/comments?post=79"}],"version-history":[{"count":0,"href":"https:\/\/kurumsal.vizyonerhost.cloud\/index.php\/wp-json\/wp\/v2\/pages\/79\/revisions"}],"wp:attachment":[{"href":"https:\/\/kurumsal.vizyonerhost.cloud\/index.php\/wp-json\/wp\/v2\/media?parent=79"}],"curies":[{"name":"wp","href":"https:\/\/api.w.org\/{rel}","templated":true}]}}